{"id":2122,"date":"2017-12-26T18:16:37","date_gmt":"2017-12-26T17:16:37","guid":{"rendered":"http:\/\/aventures-occitanes.fr\/?page_id=2122"},"modified":"2020-06-08T16:29:55","modified_gmt":"2020-06-08T14:29:55","slug":"nos-aventures","status":"publish","type":"page","link":"https:\/\/www.aventures-occitanes.fr\/en\/nos-aventures\/","title":{"rendered":"Our adventures"},"content":{"rendered":"<p>[vc_row][vc_column]<div class=\"woocommerce columns-2 \"><div class=\"row db-3-col\">\n<article class=\"col;-sm-6 col-md-6 article has-hover-s1\">\n\t\t\t\t\t<div class=\"thumbnail\" itemscope itemtype=\"http:\/\/schema.org\/Product\"><div class=\"img-wrap\"><img loading=\"lazy\" decoding=\"async\" width=\"269\" height=\"358\" src=\"https:\/\/www.aventures-occitanes.fr\/wp-content\/uploads\/2017\/12\/P1070211-e1531849469320.jpg\" class=\"attachment-550x358 size-550x358 wp-post-image\" alt=\"\" itemprop=\"image\" srcset=\"https:\/\/www.aventures-occitanes.fr\/wp-content\/uploads\/2017\/12\/P1070211-e1531849469320.jpg 3000w, https:\/\/www.aventures-occitanes.fr\/wp-content\/uploads\/2017\/12\/P1070211-e1531849469320-768x1024.jpg 768w, https:\/\/www.aventures-occitanes.fr\/wp-content\/uploads\/2017\/12\/P1070211-e1531849469320-1440x1920.jpg 1440w, https:\/\/www.aventures-occitanes.fr\/wp-content\/uploads\/2017\/12\/P1070211-e1531849469320-600x800.jpg 600w\" sizes=\"(max-width: 269px) 100vw, 269px\" \/><div class=\"product-badge\"><ul><\/ul><\/div><\/div><h3 class=\"small-space\"><a href=\"https:\/\/www.aventures-occitanes.fr\/en\/produit\/initiation-escalade\/\" itemprop=\"name\">Initiation \u00e0 l&#8217; escalade<\/a><\/h3>\n\t\t\t<span class=\"info\"><a href=\"https:\/\/www.aventures-occitanes.fr\/en\/categorie-produit\/aventures\/\">Aventures<\/a><\/span>\n\t\t\t<aside class=\"meta\"><span class=\"country\"><span class=\"icon-world\"> <\/span>0 Place<\/span><span class=\"activity\"><span class=\"icon-acitivities\"> <\/span>1 Activity<\/span>\n\t\t\t<\/aside>\n\t\t\t<p itemprop=\"description\">Tarn gorges is a famous place for international rock climbers. This is offer the possibility to discover this activity for a beginner. Your climbing guide will teach you the basics of rock climbing on an adapted rock. If you want&hellip;<\/p>\n\t\t\t<a href=\"https:\/\/www.aventures-occitanes.fr\/en\/produit\/initiation-escalade\/\" class=\"btn btn-default\" itemprop=\"url\">D\u00e9couvrir<\/a>\n\t\t\t<footer>\n\t\t\t\t<ul class=\"social-networks\">\n\t\t\t\t\t<li><a href=\"javascript:void(null);\" onClick = \"fb_callout(&quot;https:\/\/www.aventures-occitanes.fr\/en\/produit\/initiation-escalade\/&quot;, &quot;https:\/\/www.aventures-occitanes.fr\/wp-content\/uploads\/2017\/12\/P1070211-e1531849469320.jpg&quot;, &quot;Initiation \u00e0 l&#8217; escalade&quot;, &quot;Tarn gorges is a famous place for international rock climbers. This is offer the possibility to discover this activity for a beginner. Your climbing guide will teach you the basics&hellip;&quot;);\"><span class=\"icon-facebook\"><\/span><\/a><\/li><li><a href=\"javascript:void(null);\" onClick =\"share_on_twitter(&quot;https:\/\/www.aventures-occitanes.fr\/en\/produit\/initiation-escalade\/&quot;, &quot;Initiation \u00e0 l&#8217; escalade&quot;);\"> <span class=\"icon-twitter\"><\/span><\/a><\/li>\n\t\t\t\t<\/ul>\n\t\t\t\t<span class=\"price\">from <span itemprop=\"offers\" itemscope itemtype=\"http:\/\/schema.org\/Offer\"><span itemprop=\"price\">25,00<\/span><span itemprop=\"priceCurrency\">&euro;<\/span><\/span><\/span>\n\t\t\t\t\t\t<\/footer>\n\t\t\t\t\t\t<\/div>\n\t\t\t\t\t\t<\/article><article class=\"col;-sm-6 col-md-6 article has-hover-s1\">\n\t\t\t\t\t<div class=\"thumbnail\" itemscope itemtype=\"http:\/\/schema.org\/Product\"><div class=\"img-wrap\"><img loading=\"lazy\" decoding=\"async\" width=\"537\" height=\"358\" src=\"https:\/\/www.aventures-occitanes.fr\/wp-content\/uploads\/2018\/11\/DJI_0358.jpg\" class=\"attachment-550x358 size-550x358 wp-post-image\" alt=\"\" itemprop=\"image\" srcset=\"https:\/\/www.aventures-occitanes.fr\/wp-content\/uploads\/2018\/11\/DJI_0358.jpg 5472w, https:\/\/www.aventures-occitanes.fr\/wp-content\/uploads\/2018\/11\/DJI_0358-1024x683.jpg 1024w, https:\/\/www.aventures-occitanes.fr\/wp-content\/uploads\/2018\/11\/DJI_0358-768x512.jpg 768w, https:\/\/www.aventures-occitanes.fr\/wp-content\/uploads\/2018\/11\/DJI_0358-1920x1280.jpg 1920w, https:\/\/www.aventures-occitanes.fr\/wp-content\/uploads\/2018\/11\/DJI_0358-600x400.jpg 600w\" sizes=\"(max-width: 537px) 100vw, 537px\" \/><div class=\"product-badge\"><ul><\/ul><\/div><\/div><h3 class=\"small-space\"><a href=\"https:\/\/www.aventures-occitanes.fr\/en\/produit\/via-ferrata-du-boffi\/\" itemprop=\"name\">Via ferrata du Boffi<\/a><\/h3>\n\t\t\t<span class=\"info\"><a href=\"https:\/\/www.aventures-occitanes.fr\/en\/categorie-produit\/aventures\/\">Aventures<\/a><\/span>\n\t\t\t<aside class=\"meta\"><span class=\"country\"><span class=\"icon-world\"> <\/span>0 Place<\/span><span class=\"activity\"><span class=\"icon-acitivities\"> <\/span>1 Activity<\/span>\n\t\t\t<\/aside>\n\t\t\t<p itemprop=\"description\">The\u00a0Boffi's via ferrata play out on a beautiful clives overlooks the Dourbie's gorge. Near to the town of Millau and 1 hour drive from Rodez. This is a high cable course\u00a0with different games: climbing net, zip lines .. One easy&hellip;<\/p>\n\t\t\t<a href=\"https:\/\/www.aventures-occitanes.fr\/en\/produit\/via-ferrata-du-boffi\/\" class=\"btn btn-default\" itemprop=\"url\">D\u00e9couvrir<\/a>\n\t\t\t<footer>\n\t\t\t\t<ul class=\"social-networks\">\n\t\t\t\t\t<li><a href=\"javascript:void(null);\" onClick = \"fb_callout(&quot;https:\/\/www.aventures-occitanes.fr\/en\/produit\/via-ferrata-du-boffi\/&quot;, &quot;https:\/\/www.aventures-occitanes.fr\/wp-content\/uploads\/2018\/11\/DJI_0358.jpg&quot;, &quot;Via ferrata du Boffi&quot;, &quot;The\u00a0Boffi&#8217;s via ferrata play out on a beautiful clives overlooks the Dourbie&#8217;s gorge. Near to the town of Millau and 1 hour drive from Rodez. This is a high cable&hellip;&quot;);\"><span class=\"icon-facebook\"><\/span><\/a><\/li><li><a href=\"javascript:void(null);\" onClick =\"share_on_twitter(&quot;https:\/\/www.aventures-occitanes.fr\/en\/produit\/via-ferrata-du-boffi\/&quot;, &quot;Via ferrata du Boffi&quot;);\"> <span class=\"icon-twitter\"><\/span><\/a><\/li>\n\t\t\t\t<\/ul>\n\t\t\t\t<span class=\"price\">from <span itemprop=\"offers\" itemscope itemtype=\"http:\/\/schema.org\/Offer\"><span itemprop=\"price\">40,00<\/span><span itemprop=\"priceCurrency\">&euro;<\/span><\/span><\/span>\n\t\t\t\t\t\t<\/footer>\n\t\t\t\t\t\t<\/div>\n\t\t\t\t\t\t<\/article><article class=\"col;-sm-6 col-md-6 article has-hover-s1\">\n\t\t\t\t\t<div class=\"thumbnail\" itemscope itemtype=\"http:\/\/schema.org\/Product\"><div class=\"img-wrap\"><img loading=\"lazy\" decoding=\"async\" width=\"550\" height=\"309\" src=\"https:\/\/www.aventures-occitanes.fr\/wp-content\/uploads\/2016\/04\/IMGP3126.jpg\" class=\"attachment-550x358 size-550x358 wp-post-image\" alt=\"\" itemprop=\"image\" srcset=\"https:\/\/www.aventures-occitanes.fr\/wp-content\/uploads\/2016\/04\/IMGP3126.jpg 1920w, https:\/\/www.aventures-occitanes.fr\/wp-content\/uploads\/2016\/04\/IMGP3126-1024x576.jpg 1024w, https:\/\/www.aventures-occitanes.fr\/wp-content\/uploads\/2016\/04\/IMGP3126-768x432.jpg 768w, https:\/\/www.aventures-occitanes.fr\/wp-content\/uploads\/2016\/04\/IMGP3126-1536x864.jpg 1536w, https:\/\/www.aventures-occitanes.fr\/wp-content\/uploads\/2016\/04\/IMGP3126-600x338.jpg 600w\" sizes=\"(max-width: 550px) 100vw, 550px\" \/><div class=\"product-badge\"><ul><\/ul><\/div><\/div><h3 class=\"small-space\"><a href=\"https:\/\/www.aventures-occitanes.fr\/en\/produit\/via-ferrata-liaucous\/\" itemprop=\"name\">Via Ferrata &#8211; Liaucous<\/a><\/h3>\n\t\t\t<span class=\"info\"><a href=\"https:\/\/www.aventures-occitanes.fr\/en\/categorie-produit\/aventures\/\">Aventures<\/a><\/span>\n\t\t\t<aside class=\"meta\"><span class=\"country\"><span class=\"icon-world\"> <\/span>0 Place<\/span><span class=\"activity\"><span class=\"icon-acitivities\"> <\/span>1 Activity<\/span>\n\t\t\t<\/aside>\n\t\t\t<p itemprop=\"description\">Via-ferrata tr\u00e8s vari\u00e9, un parcours bleu et un parcours rouge ponctu\u00e9 de ponts de singe, passerelles et m\u00eame un passage dans une grotte! Une r\u00e9f\u00e9rence dans la r\u00e9gion!<\/p>\n\t\t\t<a href=\"https:\/\/www.aventures-occitanes.fr\/en\/produit\/via-ferrata-liaucous\/\" class=\"btn btn-default\" itemprop=\"url\">D\u00e9couvrir<\/a>\n\t\t\t<footer>\n\t\t\t\t<ul class=\"social-networks\">\n\t\t\t\t\t<li><a href=\"javascript:void(null);\" onClick = \"fb_callout(&quot;https:\/\/www.aventures-occitanes.fr\/en\/produit\/via-ferrata-liaucous\/&quot;, &quot;https:\/\/www.aventures-occitanes.fr\/wp-content\/uploads\/2016\/04\/IMGP3126.jpg&quot;, &quot;Via Ferrata &#8211; Liaucous&quot;, &quot;Via-ferrata tr\u00e8s vari\u00e9, un parcours bleu et un parcours rouge ponctu\u00e9 de ponts de singe, passerelles et m\u00eame un passage dans une grotte! Une r\u00e9f\u00e9rence dans la r\u00e9gion!&quot;);\"><span class=\"icon-facebook\"><\/span><\/a><\/li><li><a href=\"javascript:void(null);\" onClick =\"share_on_twitter(&quot;https:\/\/www.aventures-occitanes.fr\/en\/produit\/via-ferrata-liaucous\/&quot;, &quot;Via Ferrata &#8211; Liaucous&quot;);\"> <span class=\"icon-twitter\"><\/span><\/a><\/li>\n\t\t\t\t<\/ul>\n\t\t\t\t<span class=\"price\">from <span itemprop=\"offers\" itemscope itemtype=\"http:\/\/schema.org\/Offer\"><span itemprop=\"price\">40,00<\/span><span itemprop=\"priceCurrency\">&euro;<\/span><\/span><\/span>\n\t\t\t\t\t\t<\/footer>\n\t\t\t\t\t\t<\/div>\n\t\t\t\t\t\t<\/article><article class=\"col;-sm-6 col-md-6 article has-hover-s1\">\n\t\t\t\t\t<div class=\"thumbnail\" itemscope itemtype=\"http:\/\/schema.org\/Product\"><div class=\"img-wrap\"><img loading=\"lazy\" decoding=\"async\" width=\"550\" height=\"309\" src=\"https:\/\/www.aventures-occitanes.fr\/wp-content\/uploads\/2016\/04\/IMGP1327.jpg\" class=\"attachment-550x358 size-550x358 wp-post-image\" alt=\"\" itemprop=\"image\" srcset=\"https:\/\/www.aventures-occitanes.fr\/wp-content\/uploads\/2016\/04\/IMGP1327.jpg 1920w, https:\/\/www.aventures-occitanes.fr\/wp-content\/uploads\/2016\/04\/IMGP1327-1024x576.jpg 1024w, https:\/\/www.aventures-occitanes.fr\/wp-content\/uploads\/2016\/04\/IMGP1327-768x432.jpg 768w, https:\/\/www.aventures-occitanes.fr\/wp-content\/uploads\/2016\/04\/IMGP1327-1536x864.jpg 1536w, https:\/\/www.aventures-occitanes.fr\/wp-content\/uploads\/2016\/04\/IMGP1327-600x338.jpg 600w\" sizes=\"(max-width: 550px) 100vw, 550px\" \/><div class=\"product-badge\"><ul><\/ul><\/div><\/div><h3 class=\"small-space\"><a href=\"https:\/\/www.aventures-occitanes.fr\/en\/produit\/grande-voie\/\" itemprop=\"name\">Grande voie<\/a><\/h3>\n\t\t\t<span class=\"info\"><a href=\"https:\/\/www.aventures-occitanes.fr\/en\/categorie-produit\/aventures\/\">Aventures<\/a><\/span>\n\t\t\t<aside class=\"meta\"><span class=\"country\"><span class=\"icon-world\"> <\/span>0 Place<\/span><span class=\"activity\"><span class=\"icon-acitivities\"> <\/span>1 Activity<\/span>\n\t\t\t<\/aside>\n\t\t\t<p itemprop=\"description\">Escalade de plusieurs longueurs, plus de 100 m\u00e8tres \u00e0 la verticale pour atteindre un sommet avec une vue \u00e0 360\u00b0 sur les gorges du Tarn. Sensation et \u00e9merveillement garantis! Pour 1 pers : 130 euros 2 pers: 140 euros \/&hellip;<\/p>\n\t\t\t<a href=\"https:\/\/www.aventures-occitanes.fr\/en\/produit\/grande-voie\/\" class=\"btn btn-default\" itemprop=\"url\">D\u00e9couvrir<\/a>\n\t\t\t<footer>\n\t\t\t\t<ul class=\"social-networks\">\n\t\t\t\t\t<li><a href=\"javascript:void(null);\" onClick = \"fb_callout(&quot;https:\/\/www.aventures-occitanes.fr\/en\/produit\/grande-voie\/&quot;, &quot;https:\/\/www.aventures-occitanes.fr\/wp-content\/uploads\/2016\/04\/IMGP1327.jpg&quot;, &quot;Grande voie&quot;, &quot;Escalade de plusieurs longueurs, plus de 100 m\u00e8tres \u00e0 la verticale pour atteindre un sommet avec une vue \u00e0 360\u00b0 sur les gorges du Tarn. Sensation et \u00e9merveillement garantis! Pour&hellip;&quot;);\"><span class=\"icon-facebook\"><\/span><\/a><\/li><li><a href=\"javascript:void(null);\" onClick =\"share_on_twitter(&quot;https:\/\/www.aventures-occitanes.fr\/en\/produit\/grande-voie\/&quot;, &quot;Grande voie&quot;);\"> <span class=\"icon-twitter\"><\/span><\/a><\/li>\n\t\t\t\t<\/ul>\n\t\t\t\t<span class=\"price\">from <span itemprop=\"offers\" itemscope itemtype=\"http:\/\/schema.org\/Offer\"><span itemprop=\"price\">70,00<\/span><span itemprop=\"priceCurrency\">&euro;<\/span><\/span><\/span>\n\t\t\t\t\t\t<\/footer>\n\t\t\t\t\t\t<\/div>\n\t\t\t\t\t\t<\/article><article class=\"col;-sm-6 col-md-6 article has-hover-s1\">\n\t\t\t\t\t<div class=\"thumbnail\" itemscope itemtype=\"http:\/\/schema.org\/Product\"><div class=\"img-wrap\"><img loading=\"lazy\" decoding=\"async\" width=\"269\" height=\"358\" src=\"https:\/\/www.aventures-occitanes.fr\/wp-content\/uploads\/2017\/12\/portaledge-scaled.jpg\" class=\"attachment-550x358 size-550x358 wp-post-image\" alt=\"\" itemprop=\"image\" srcset=\"https:\/\/www.aventures-occitanes.fr\/wp-content\/uploads\/2017\/12\/portaledge-scaled.jpg 1920w, https:\/\/www.aventures-occitanes.fr\/wp-content\/uploads\/2017\/12\/portaledge-768x1024.jpg 768w, https:\/\/www.aventures-occitanes.fr\/wp-content\/uploads\/2017\/12\/portaledge-1440x1920.jpg 1440w, https:\/\/www.aventures-occitanes.fr\/wp-content\/uploads\/2017\/12\/portaledge-1152x1536.jpg 1152w, https:\/\/www.aventures-occitanes.fr\/wp-content\/uploads\/2017\/12\/portaledge-1536x2048.jpg 1536w, https:\/\/www.aventures-occitanes.fr\/wp-content\/uploads\/2017\/12\/portaledge-600x800.jpg 600w\" sizes=\"(max-width: 269px) 100vw, 269px\" \/><div class=\"product-badge\"><ul><\/ul><\/div><\/div><h3 class=\"small-space\"><a href=\"https:\/\/www.aventures-occitanes.fr\/en\/produit\/nuit-falaise\/\" itemprop=\"name\">Nuit en paroi<\/a><\/h3>\n\t\t\t<span class=\"info\"><a href=\"https:\/\/www.aventures-occitanes.fr\/en\/categorie-produit\/aventures\/\">Aventures<\/a><\/span>\n\t\t\t<aside class=\"meta\"><span class=\"country\"><span class=\"icon-world\"> <\/span>0 Place<\/span><span class=\"activity\"><span class=\"icon-acitivities\"> <\/span>1 Activity<\/span>\n\t\t\t<\/aside>\n\t\t\t<p itemprop=\"description\">Venez vivre une exp\u00e9rience unique, une nuit, perch\u00e9 ou bien install\u00e9 sur votre \"tente de paroi\" vous pourrez contempler le paysage et les \u00e9toiles d'une mani\u00e8re unique. \u00c9motions garanties ! Plusieurs formules : Nuit en paroi \u00ab\u00a0sportive\u00a0\u00bb ou \u00ab\u00a0sensation\u00a0\u00bb\u00a0: Formule&hellip;<\/p>\n\t\t\t<a href=\"https:\/\/www.aventures-occitanes.fr\/en\/produit\/nuit-falaise\/\" class=\"btn btn-default\" itemprop=\"url\">D\u00e9couvrir<\/a>\n\t\t\t<footer>\n\t\t\t\t<ul class=\"social-networks\">\n\t\t\t\t\t<li><a href=\"javascript:void(null);\" onClick = \"fb_callout(&quot;https:\/\/www.aventures-occitanes.fr\/en\/produit\/nuit-falaise\/&quot;, &quot;https:\/\/www.aventures-occitanes.fr\/wp-content\/uploads\/2017\/12\/portaledge-scaled.jpg&quot;, &quot;Nuit en paroi&quot;, &quot;Venez vivre une exp\u00e9rience unique, une nuit, perch\u00e9 ou bien install\u00e9 sur votre &#8220;tente de paroi&#8221; vous pourrez contempler le paysage et les \u00e9toiles d&#8217;une mani\u00e8re unique. \u00c9motions garanties !&hellip;&quot;);\"><span class=\"icon-facebook\"><\/span><\/a><\/li><li><a href=\"javascript:void(null);\" onClick =\"share_on_twitter(&quot;https:\/\/www.aventures-occitanes.fr\/en\/produit\/nuit-falaise\/&quot;, &quot;Nuit en paroi&quot;);\"> <span class=\"icon-twitter\"><\/span><\/a><\/li>\n\t\t\t\t<\/ul>\n\t\t\t\t<span class=\"price\">from <span itemprop=\"offers\" itemscope itemtype=\"http:\/\/schema.org\/Offer\"><span itemprop=\"price\">180,00<\/span><span itemprop=\"priceCurrency\">&euro;<\/span><\/span><\/span>\n\t\t\t\t\t\t<\/footer>\n\t\t\t\t\t\t<\/div>\n\t\t\t\t\t\t<\/article><\/div>\n<\/div>[\/vc_column][\/vc_row]<\/p>\n","protected":false},"excerpt":{"rendered":"<p>[vc_row][vc_column][\/vc_column][\/vc_row]<\/p>\n","protected":false},"author":1,"featured_media":0,"parent":0,"menu_order":0,"comment_status":"closed","ping_status":"closed","template":"","meta":{"footnotes":""},"_links":{"self":[{"href":"https:\/\/www.aventures-occitanes.fr\/en\/wp-json\/wp\/v2\/pages\/2122"}],"collection":[{"href":"https:\/\/www.aventures-occitanes.fr\/en\/wp-json\/wp\/v2\/pages"}],"about":[{"href":"https:\/\/www.aventures-occitanes.fr\/en\/wp-json\/wp\/v2\/types\/page"}],"author":[{"embeddable":true,"href":"https:\/\/www.aventures-occitanes.fr\/en\/wp-json\/wp\/v2\/users\/1"}],"replies":[{"embeddable":true,"href":"https:\/\/www.aventures-occitanes.fr\/en\/wp-json\/wp\/v2\/comments?post=2122"}],"version-history":[{"count":10,"href":"https:\/\/www.aventures-occitanes.fr\/en\/wp-json\/wp\/v2\/pages\/2122\/revisions"}],"predecessor-version":[{"id":2498,"href":"https:\/\/www.aventures-occitanes.fr\/en\/wp-json\/wp\/v2\/pages\/2122\/revisions\/2498"}],"wp:attachment":[{"href":"https:\/\/www.aventures-occitanes.fr\/en\/wp-json\/wp\/v2\/media?parent=2122"}],"curies":[{"name":"wp","href":"https:\/\/api.w.org\/{rel}","templated":true}]}}