{"id":2121,"date":"2017-12-25T22:43:57","date_gmt":"2017-12-25T21:43:57","guid":{"rendered":"http:\/\/aventures-occitanes.fr\/?post_type=product&#038;p=2121"},"modified":"2024-02-27T15:30:10","modified_gmt":"2024-02-27T14:30:10","slug":"nuit-falaise","status":"publish","type":"product","link":"https:\/\/www.aventures-occitanes.fr\/en\/produit\/nuit-falaise\/","title":{"rendered":"Nuit en paroi"},"content":{"rendered":"<p>Venez vivre une exp\u00e9rience unique, une nuit, perch\u00e9 ou bien install\u00e9 sur votre &#8220;tente de paroi&#8221; vous pourrez contempler le paysage et les \u00e9toiles d&#8217;une mani\u00e8re unique. \u00c9motions garanties !<\/p>\n<p>Plusieurs formules :<\/p>\n<h2><strong><u>Nuit en paroi \u00ab\u00a0sportive\u00a0\u00bb ou \u00ab\u00a0sensation\u00a0\u00bb\u00a0: <\/u><\/strong><\/h2>\n<p>Formule comprenant une activit\u00e9 escalade ou via ferrata + une nuit en paroi.<\/p>\n<p>Venez d\u00e9couvrir les joies de la verticalit\u00e9 dans une activit\u00e9 sportive accessible\u00a0: via ferrata du Boffi , environ 2 heures d\u2019activit\u00e9, parcours comprenant un filet et plusieurs tyroliennes (\u00e0 partir du 15 Juin).<\/p>\n<p>Ou initiation escalade sur des voies adapt\u00e9es aux d\u00e9butants comme aux confirm\u00e9s.<\/p>\n<p>Ensuite participez \u00e0 l\u2019installation de votre tente de paroi (de 20 \u00e0 60 m de hauteur), perch\u00e9 sur la falaise vous pourrez profiter d\u2019un environnement exceptionnel avec une vue sur le c\u00e9l\u00e8bre viaduc de Millau. Le coucher de soleil se fera en compagnie des nombreux vautours pr\u00e9sents sur le secteur.\u00a0 Les nuits d\u2019\u00e9t\u00e9 permettent souvent de s\u2019endormir la t\u00eate dans les \u00e9toiles\u00a0! Apr\u00e8s un r\u00e9veil et un petit d\u00e9jeuner unique, une descente en rappel depuis votre couchage vous permettra de retrouver la terre ferme et de repartir des souvenirs plein la t\u00eate.<\/p>\n<p>Vivez une exp\u00e9rience unique\u00a0! Millau comme vous ne l\u2019avez jamais vu !<\/p>\n<p>Prestation comprenant\u00a0: mat\u00e9riel d\u2019escalade, tente de paroi ( sac de couchage tr\u00e8s chaud en suppl\u00e9ment) , encadrement activit\u00e9,\u00a0 boisson chaude le matin.<\/p>\n<p>TARIF\u00a0: 200 euros 1 personne \/ 380 euros pour 2 personnes<\/p>\n<p>Suppl\u00e9ment location duvet 10 euros<\/p>\n<p>Lieu\u00a0: Site du Boffi (proche Millau)<\/p>\n<p>RDV 18h00\u00a0 &#8211; Retour 9h00 le lendemain<\/p>\n<h2><strong><u>Nuit en paroi \u00a0d\u00e9couverte !<\/u><\/strong><\/h2>\n<p>Formule comprenant simplement la nuit en paroi.<\/p>\n<p>Pour les curieux, en qu\u00eate de sensations nouvelles mais sans difficult\u00e9 physique et \u00e0 faible hauteur.<\/p>\n<p>Rendez vous en fin de journ\u00e9e pour une petite marche d\u2019approche (20 min max) permettant d\u2019acc\u00e9der \u00e0 la falaise. Installation de la tente de paroi depuis une vire ou un petit rappel.\u00a0 Vue exceptionnelle sur les Gorges du Tarn\u00a0! Profitez des connaissances d\u2019un expert local en vous laissant conter quelques l\u00e9gendes et histoires du lieu.\u00a0 Au petit matin,\u00a0 vous vivrez le plus beau des r\u00e9veils en \u00e9mergeant parmi les \u00e9l\u00e9ments naturels environnants.\u00a0 Le retour s\u2019effectue soit par un rappel soit \u00e0 pied suivant l\u2019envie\u00a0!<\/p>\n<p>Une exp\u00e9rience accessible et inoubliable\u00a0!<\/p>\n<p>Prestation comprenant : mat\u00e9riel d\u2019escalade, tente de paroi ( sac de couchage tr\u00e8s chaud en suppl\u00e9ment) , encadrement activit\u00e9,\u00a0 boisson chaude le matin.<\/p>\n<p>Tarif\u00a0: 150 euros 1 personne \/ 280 euros pour 2 personnes<\/p>\n<p>Suppl\u00e9ment location duvet 10 euros<\/p>\n<p>Lieu\u00a0: Gorges du Tarn ou Piedestal<\/p>\n<p>RDV 19h00 &#8211;\u00a0 retour 9h00 le lendemain<\/p>\n<h2><strong><u>Soir\u00e9e perch\u00e9e\u00a0:<\/u><\/strong><\/h2>\n<p>Envie d\u2019une exp\u00e9rience unique en paroi mais peur de passer toute la nuit perch\u00e9\u00a0?? Nous vous proposons une aventure adapt\u00e9e\u00a0! Venez passer la soir\u00e9e sur une tente de paroi, install\u00e9 sur une des falaises mythiques de la r\u00e9gion . Profitez d\u2019un coucher de soleil accompagn\u00e9 d\u2019un repas compos\u00e9 de produits r\u00e9gionaux.\u00a0 Une bonne mani\u00e8re de d\u00e9couvrir le territoire sous un angle nouveau et original.<\/p>\n<p>Possibilit\u00e9 de r\u00e9aliser la prestation \u00e0 faible hauteur et avec peu de marche d\u2019approche ou\u00a0 une formule plus sportive.<\/p>\n<p>Tarif\u00a0: 100 euros 1 personne \/ 180 pour 2 personnes \/ 2 adultes et 1 enfant 230 euros<\/p>\n<p>Prestation comprenant : mat\u00e9riel d\u2019escalade, tente de paroi\u00a0 , encadrement activit\u00e9,\u00a0 repas et boissons<\/p>\n<p>Lieu\u00a0: Gorges du Tarn, Gorges de la Jonte, Gorges de la Dourbie<\/p>\n<p>&nbsp;<\/p>\n<p>Un \u00e9v\u00e9nement particulier demande en mariage, anniversaire, enterrement vie de gar\u00e7on\/jeune fille etc..\u00a0?\u00a0 Nous contacter pour un devis personnalis\u00e9.<\/p>\n","protected":false},"excerpt":{"rendered":"<p>Venez vivre une exp\u00e9rience unique, une nuit, perch\u00e9 ou bien install\u00e9 sur votre &#8220;tente de paroi&#8221; vous pourrez contempler le paysage et les \u00e9toiles d&#8217;une mani\u00e8re unique. \u00c9motions garanties ! Plusieurs formules : Nuit en paroi \u00ab\u00a0sportive\u00a0\u00bb ou \u00ab\u00a0sensation\u00a0\u00bb\u00a0: Formule comprenant une activit\u00e9 escalade ou via ferrata + une nuit en paroi. Venez d\u00e9couvrir les [&hellip;]<\/p>\n","protected":false},"featured_media":2502,"template":"","meta":[],"product_cat":[137],"product_tag":[],"_links":{"self":[{"href":"https:\/\/www.aventures-occitanes.fr\/en\/wp-json\/wp\/v2\/product\/2121"}],"collection":[{"href":"https:\/\/www.aventures-occitanes.fr\/en\/wp-json\/wp\/v2\/product"}],"about":[{"href":"https:\/\/www.aventures-occitanes.fr\/en\/wp-json\/wp\/v2\/types\/product"}],"wp:featuredmedia":[{"embeddable":true,"href":"https:\/\/www.aventures-occitanes.fr\/en\/wp-json\/wp\/v2\/media\/2502"}],"wp:attachment":[{"href":"https:\/\/www.aventures-occitanes.fr\/en\/wp-json\/wp\/v2\/media?parent=2121"}],"wp:term":[{"taxonomy":"product_cat","embeddable":true,"href":"https:\/\/www.aventures-occitanes.fr\/en\/wp-json\/wp\/v2\/product_cat?post=2121"},{"taxonomy":"product_tag","embeddable":true,"href":"https:\/\/www.aventures-occitanes.fr\/en\/wp-json\/wp\/v2\/product_tag?post=2121"}],"curies":[{"name":"wp","href":"https:\/\/api.w.org\/{rel}","templated":true}]}}