{"id":2164,"date":"2017-12-28T09:26:47","date_gmt":"2017-12-28T08:26:47","guid":{"rendered":"http:\/\/aventures-occitanes.fr\/?post_type=product&#038;p=2164"},"modified":"2023-02-11T12:17:51","modified_gmt":"2023-02-11T11:17:51","slug":"via-ferrata-liaucous","status":"publish","type":"product","link":"https:\/\/www.aventures-occitanes.fr\/en\/produit\/via-ferrata-liaucous\/","title":{"rendered":"Via Ferrata &#8211; Liaucous"},"content":{"rendered":"<p>Via-ferrata tr\u00e8s vari\u00e9, un parcours bleu et un parcours rouge ponctu\u00e9 de ponts de singe, passerelles et m\u00eame un passage dans une grotte! Une r\u00e9f\u00e9rence dans la r\u00e9gion!<\/p>\n","protected":false},"excerpt":{"rendered":"<p>Via-ferrata tr\u00e8s vari\u00e9, un parcours bleu et un parcours rouge ponctu\u00e9 de ponts de singe, passerelles et m\u00eame un passage dans une grotte! Une r\u00e9f\u00e9rence dans la r\u00e9gion!<\/p>\n","protected":false},"featured_media":2076,"template":"","meta":[],"product_cat":[137],"product_tag":[],"_links":{"self":[{"href":"https:\/\/www.aventures-occitanes.fr\/en\/wp-json\/wp\/v2\/product\/2164"}],"collection":[{"href":"https:\/\/www.aventures-occitanes.fr\/en\/wp-json\/wp\/v2\/product"}],"about":[{"href":"https:\/\/www.aventures-occitanes.fr\/en\/wp-json\/wp\/v2\/types\/product"}],"wp:featuredmedia":[{"embeddable":true,"href":"https:\/\/www.aventures-occitanes.fr\/en\/wp-json\/wp\/v2\/media\/2076"}],"wp:attachment":[{"href":"https:\/\/www.aventures-occitanes.fr\/en\/wp-json\/wp\/v2\/media?parent=2164"}],"wp:term":[{"taxonomy":"product_cat","embeddable":true,"href":"https:\/\/www.aventures-occitanes.fr\/en\/wp-json\/wp\/v2\/product_cat?post=2164"},{"taxonomy":"product_tag","embeddable":true,"href":"https:\/\/www.aventures-occitanes.fr\/en\/wp-json\/wp\/v2\/product_tag?post=2164"}],"curies":[{"name":"wp","href":"https:\/\/api.w.org\/{rel}","templated":true}]}}